{"id":478,"date":"2020-12-15T15:45:18","date_gmt":"2020-12-15T13:45:18","guid":{"rendered":"https:\/\/www.alltours.ee\/business-center\/"},"modified":"2020-12-15T15:45:18","modified_gmt":"2020-12-15T13:45:18","slug":"business-center","status":"publish","type":"page","link":"https:\/\/www.alltours.ee\/en\/business-center\/","title":{"rendered":"Business center"},"content":{"rendered":"\t\t<div data-elementor-type=\"wp-page\" data-elementor-id=\"478\" class=\"elementor elementor-478 elementor-123\" data-elementor-post-type=\"page\">\n\t\t\t\t\t\t<section class=\"elementor-section elementor-top-section elementor-element elementor-element-2efdf93b elementor-section-boxed elementor-section-height-default elementor-section-height-default\" data-id=\"2efdf93b\" data-element_type=\"section\" data-e-type=\"section\" id=\"alltours-arikeskus\" data-settings=\"{&quot;background_background&quot;:&quot;classic&quot;}\">\n\t\t\t\t\t\t<div class=\"elementor-container elementor-column-gap-default\">\n\t\t\t\t\t<div class=\"elementor-column elementor-col-100 elementor-top-column elementor-element elementor-element-27f77a3f\" data-id=\"27f77a3f\" data-element_type=\"column\" data-e-type=\"column\">\n\t\t\t<div class=\"elementor-widget-wrap elementor-element-populated\">\n\t\t\t\t\t\t<div class=\"elementor-element elementor-element-105feaad elementor-widget elementor-widget-heading\" data-id=\"105feaad\" data-element_type=\"widget\" data-e-type=\"widget\" data-widget_type=\"heading.default\">\n\t\t\t\t<div class=\"elementor-widget-container\">\n\t\t\t\t\t<h3 class=\"elementor-heading-title elementor-size-large\">ALLTOURS BUSINESS CENTER - THE MOST MODERN TECHNOLOGY CENTER IN P\u00c4RNU<\/h3>\t\t\t\t<\/div>\n\t\t\t\t<\/div>\n\t\t\t\t<div class=\"elementor-element elementor-element-3d2b3236 elementor-widget elementor-widget-text-editor\" data-id=\"3d2b3236\" data-element_type=\"widget\" data-e-type=\"widget\" data-widget_type=\"text-editor.default\">\n\t\t\t\t<div class=\"elementor-widget-container\">\n\t\t\t\t\t\t\t\t\t<p style=\"text-align: left;\"><img decoding=\"async\" class=\" wp-image-352 alignleft\" src=\"https:\/\/www.alltours.ee\/wp-content\/uploads\/2020\/10\/Alltours-Savi-38a-38-300x200.jpg\" alt=\"\" width=\"260\" height=\"173\" srcset=\"https:\/\/www.alltours.ee\/wp-content\/uploads\/2020\/10\/Alltours-Savi-38a-38-300x200.jpg 300w, https:\/\/www.alltours.ee\/wp-content\/uploads\/2020\/10\/Alltours-Savi-38a-38-1024x682.jpg 1024w, https:\/\/www.alltours.ee\/wp-content\/uploads\/2020\/10\/Alltours-Savi-38a-38-768x512.jpg 768w, https:\/\/www.alltours.ee\/wp-content\/uploads\/2020\/10\/Alltours-Savi-38a-38-1536x1024.jpg 1536w, https:\/\/www.alltours.ee\/wp-content\/uploads\/2020\/10\/Alltours-Savi-38a-38-1200x800.jpg 1200w, https:\/\/www.alltours.ee\/wp-content\/uploads\/2020\/10\/Alltours-Savi-38a-38-1980x1320.jpg 1980w, https:\/\/www.alltours.ee\/wp-content\/uploads\/2020\/10\/Alltours-Savi-38a-38.jpg 2000w\" sizes=\"(max-width: 260px) 100vw, 260px\" \/><\/p>\n<div><span lang=\"ET\">Years ago, looking for a suitable rental space for our bus company, we came to an idea to invest in our hometown P\u00e4rnu and build a center that would meet the highest requirements. The idea became a vision to create a modern bus and truck center in P\u00e4rnu. And now it&#8217;s ready!<\/span><\/div>\n<p style=\"text-align: left;\">In the main building of the newly built center there are car wash Savi Pesula, Rea\u00b4l Auto, ARXCar, which maintains and repairs buses, trucks and cars, E-Tehno and of course our own bus company Alltours.<\/p>\n<p style=\"text-align: left;\">The second building of the center has 12 storage boxes, which are suitable for both companies and individuals as storage space or to pursue a hobby.<\/p>\n<p style=\"text-align: left;\">The whole territory is fenced, illuminated and well secured. We have a lot of space, in addition to our buses, Marilaine Trans O\u00dc, Asmari Veod O\u00dc and Giveno Logistics O\u00dc park their trucks with us.<\/p>\n\t\t\t\t\t\t\t\t<\/div>\n\t\t\t\t<\/div>\n\t\t\t\t<div class=\"elementor-element elementor-element-2e049b2 elementor-widget elementor-widget-heading\" data-id=\"2e049b2\" data-element_type=\"widget\" data-e-type=\"widget\" data-widget_type=\"heading.default\">\n\t\t\t\t<div class=\"elementor-widget-container\">\n\t\t\t\t\t<h3 class=\"elementor-heading-title elementor-size-large\">MODERN OFFICE SPACE<\/h3>\t\t\t\t<\/div>\n\t\t\t\t<\/div>\n\t\t\t\t<div class=\"elementor-element elementor-element-cd5d6c0 elementor-widget elementor-widget-gallery\" data-id=\"cd5d6c0\" data-element_type=\"widget\" data-e-type=\"widget\" data-settings=\"{&quot;columns&quot;:3,&quot;lazyload&quot;:&quot;yes&quot;,&quot;gallery_layout&quot;:&quot;grid&quot;,&quot;columns_tablet&quot;:2,&quot;columns_mobile&quot;:1,&quot;gap&quot;:{&quot;unit&quot;:&quot;px&quot;,&quot;size&quot;:10,&quot;sizes&quot;:[]},&quot;gap_tablet&quot;:{&quot;unit&quot;:&quot;px&quot;,&quot;size&quot;:10,&quot;sizes&quot;:[]},&quot;gap_mobile&quot;:{&quot;unit&quot;:&quot;px&quot;,&quot;size&quot;:10,&quot;sizes&quot;:[]},&quot;link_to&quot;:&quot;file&quot;,&quot;aspect_ratio&quot;:&quot;3:2&quot;,&quot;overlay_background&quot;:&quot;yes&quot;,&quot;content_hover_animation&quot;:&quot;fade-in&quot;}\" data-widget_type=\"gallery.default\">\n\t\t\t\t<div class=\"elementor-widget-container\">\n\t\t\t\t\t\t\t<div class=\"elementor-gallery__container\">\n\t\t\t\t\t\t\t<a class=\"e-gallery-item elementor-gallery-item elementor-animated-content\" href=\"https:\/\/www.alltours.ee\/wp-content\/uploads\/2020\/10\/Alltours-kontor.jpg\" data-elementor-open-lightbox=\"yes\" data-elementor-lightbox-slideshow=\"cd5d6c0\" data-elementor-lightbox-title=\"Alltours kontor\" data-e-action-hash=\"#elementor-action%3Aaction%3Dlightbox%26settings%3DeyJpZCI6MjIxLCJ1cmwiOiJodHRwczpcL1wvd3d3LmFsbHRvdXJzLmVlXC93cC1jb250ZW50XC91cGxvYWRzXC8yMDIwXC8xMFwvQWxsdG91cnMta29udG9yLmpwZyIsInNsaWRlc2hvdyI6ImNkNWQ2YzAifQ%3D%3D\">\n\t\t\t\t\t<div class=\"e-gallery-image elementor-gallery-item__image\" data-thumbnail=\"https:\/\/www.alltours.ee\/wp-content\/uploads\/2020\/10\/Alltours-kontor.jpg\" data-width=\"640\" data-height=\"480\" aria-label=\"\" role=\"img\" ><\/div>\n\t\t\t\t\t\t\t\t\t\t\t<div class=\"elementor-gallery-item__overlay\"><\/div>\n\t\t\t\t\t\t\t\t\t\t\t\t\t\t<\/a>\n\t\t\t\t\t\t\t<a class=\"e-gallery-item elementor-gallery-item elementor-animated-content\" href=\"https:\/\/www.alltours.ee\/wp-content\/uploads\/2020\/10\/Alltours-kontor2-rotated.jpg\" data-elementor-open-lightbox=\"yes\" data-elementor-lightbox-slideshow=\"cd5d6c0\" data-elementor-lightbox-title=\"Alltours kontor2\" data-e-action-hash=\"#elementor-action%3Aaction%3Dlightbox%26settings%3DeyJpZCI6MjIzLCJ1cmwiOiJodHRwczpcL1wvd3d3LmFsbHRvdXJzLmVlXC93cC1jb250ZW50XC91cGxvYWRzXC8yMDIwXC8xMFwvQWxsdG91cnMta29udG9yMi1yb3RhdGVkLmpwZyIsInNsaWRlc2hvdyI6ImNkNWQ2YzAifQ%3D%3D\">\n\t\t\t\t\t<div class=\"e-gallery-image elementor-gallery-item__image\" data-thumbnail=\"https:\/\/www.alltours.ee\/wp-content\/uploads\/2020\/10\/Alltours-kontor2-rotated.jpg\" data-width=\"480\" data-height=\"640\" aria-label=\"\" role=\"img\" ><\/div>\n\t\t\t\t\t\t\t\t\t\t\t<div class=\"elementor-gallery-item__overlay\"><\/div>\n\t\t\t\t\t\t\t\t\t\t\t\t\t\t<\/a>\n\t\t\t\t\t\t\t<a class=\"e-gallery-item elementor-gallery-item elementor-animated-content\" href=\"https:\/\/www.alltours.ee\/wp-content\/uploads\/2020\/10\/Alltours-kontor3.jpg\" data-elementor-open-lightbox=\"yes\" data-elementor-lightbox-slideshow=\"cd5d6c0\" data-elementor-lightbox-title=\"Alltours kontor3\" data-e-action-hash=\"#elementor-action%3Aaction%3Dlightbox%26settings%3DeyJpZCI6MjI0LCJ1cmwiOiJodHRwczpcL1wvd3d3LmFsbHRvdXJzLmVlXC93cC1jb250ZW50XC91cGxvYWRzXC8yMDIwXC8xMFwvQWxsdG91cnMta29udG9yMy5qcGciLCJzbGlkZXNob3ciOiJjZDVkNmMwIn0%3D\">\n\t\t\t\t\t<div class=\"e-gallery-image elementor-gallery-item__image\" data-thumbnail=\"https:\/\/www.alltours.ee\/wp-content\/uploads\/2020\/10\/Alltours-kontor3.jpg\" data-width=\"640\" data-height=\"480\" aria-label=\"\" role=\"img\" ><\/div>\n\t\t\t\t\t\t\t\t\t\t\t<div class=\"elementor-gallery-item__overlay\"><\/div>\n\t\t\t\t\t\t\t\t\t\t\t\t\t\t<\/a>\n\t\t\t\t\t\t\t<a class=\"e-gallery-item elementor-gallery-item elementor-animated-content\" href=\"https:\/\/www.alltours.ee\/wp-content\/uploads\/2020\/10\/Alltours-kontor4.jpg\" data-elementor-open-lightbox=\"yes\" data-elementor-lightbox-slideshow=\"cd5d6c0\" data-elementor-lightbox-title=\"Alltours kontor4\" data-e-action-hash=\"#elementor-action%3Aaction%3Dlightbox%26settings%3DeyJpZCI6MjI1LCJ1cmwiOiJodHRwczpcL1wvd3d3LmFsbHRvdXJzLmVlXC93cC1jb250ZW50XC91cGxvYWRzXC8yMDIwXC8xMFwvQWxsdG91cnMta29udG9yNC5qcGciLCJzbGlkZXNob3ciOiJjZDVkNmMwIn0%3D\">\n\t\t\t\t\t<div class=\"e-gallery-image elementor-gallery-item__image\" data-thumbnail=\"https:\/\/www.alltours.ee\/wp-content\/uploads\/2020\/10\/Alltours-kontor4.jpg\" data-width=\"640\" data-height=\"480\" aria-label=\"\" role=\"img\" ><\/div>\n\t\t\t\t\t\t\t\t\t\t\t<div class=\"elementor-gallery-item__overlay\"><\/div>\n\t\t\t\t\t\t\t\t\t\t\t\t\t\t<\/a>\n\t\t\t\t\t\t\t<a class=\"e-gallery-item elementor-gallery-item elementor-animated-content\" href=\"https:\/\/www.alltours.ee\/wp-content\/uploads\/2020\/10\/Alltours-kontor5-rotated.jpg\" data-elementor-open-lightbox=\"yes\" data-elementor-lightbox-slideshow=\"cd5d6c0\" data-elementor-lightbox-title=\"Alltours kontor5\" data-e-action-hash=\"#elementor-action%3Aaction%3Dlightbox%26settings%3DeyJpZCI6MjI2LCJ1cmwiOiJodHRwczpcL1wvd3d3LmFsbHRvdXJzLmVlXC93cC1jb250ZW50XC91cGxvYWRzXC8yMDIwXC8xMFwvQWxsdG91cnMta29udG9yNS1yb3RhdGVkLmpwZyIsInNsaWRlc2hvdyI6ImNkNWQ2YzAifQ%3D%3D\">\n\t\t\t\t\t<div class=\"e-gallery-image elementor-gallery-item__image\" data-thumbnail=\"https:\/\/www.alltours.ee\/wp-content\/uploads\/2020\/10\/Alltours-kontor5-rotated.jpg\" data-width=\"480\" data-height=\"640\" aria-label=\"\" role=\"img\" ><\/div>\n\t\t\t\t\t\t\t\t\t\t\t<div class=\"elementor-gallery-item__overlay\"><\/div>\n\t\t\t\t\t\t\t\t\t\t\t\t\t\t<\/a>\n\t\t\t\t\t\t\t<a class=\"e-gallery-item elementor-gallery-item elementor-animated-content\" href=\"https:\/\/www.alltours.ee\/wp-content\/uploads\/2020\/10\/Alltours-kontor6-rotated.jpg\" data-elementor-open-lightbox=\"yes\" data-elementor-lightbox-slideshow=\"cd5d6c0\" data-elementor-lightbox-title=\"Alltours kontor6\" data-e-action-hash=\"#elementor-action%3Aaction%3Dlightbox%26settings%3DeyJpZCI6MjI3LCJ1cmwiOiJodHRwczpcL1wvd3d3LmFsbHRvdXJzLmVlXC93cC1jb250ZW50XC91cGxvYWRzXC8yMDIwXC8xMFwvQWxsdG91cnMta29udG9yNi1yb3RhdGVkLmpwZyIsInNsaWRlc2hvdyI6ImNkNWQ2YzAifQ%3D%3D\">\n\t\t\t\t\t<div class=\"e-gallery-image elementor-gallery-item__image\" data-thumbnail=\"https:\/\/www.alltours.ee\/wp-content\/uploads\/2020\/10\/Alltours-kontor6-rotated.jpg\" data-width=\"480\" data-height=\"640\" aria-label=\"\" role=\"img\" ><\/div>\n\t\t\t\t\t\t\t\t\t\t\t<div class=\"elementor-gallery-item__overlay\"><\/div>\n\t\t\t\t\t\t\t\t\t\t\t\t\t\t<\/a>\n\t\t\t\t\t<\/div>\n\t\t\t\t\t<\/div>\n\t\t\t\t<\/div>\n\t\t\t\t<div class=\"elementor-element elementor-element-0f121d3 elementor-widget elementor-widget-heading\" data-id=\"0f121d3\" data-element_type=\"widget\" data-e-type=\"widget\" data-widget_type=\"heading.default\">\n\t\t\t\t<div class=\"elementor-widget-container\">\n\t\t\t\t\t<h3 class=\"elementor-heading-title elementor-size-large\">CURRENTLY AVAILABLE RENTAL SPACES<\/h3>\t\t\t\t<\/div>\n\t\t\t\t<\/div>\n\t\t\t\t<div class=\"elementor-element elementor-element-869331a elementor-widget elementor-widget-text-editor\" data-id=\"869331a\" data-element_type=\"widget\" data-e-type=\"widget\" data-widget_type=\"text-editor.default\">\n\t\t\t\t<div class=\"elementor-widget-container\">\n\t\t\t\t\t\t\t\t\t<p>Office 81m<sup>2<\/sup>, price 400 eur \/ month<\/p>\n\t\t\t\t\t\t\t\t<\/div>\n\t\t\t\t<\/div>\n\t\t\t\t<div class=\"elementor-element elementor-element-101b319 elementor-widget elementor-widget-gallery\" data-id=\"101b319\" data-element_type=\"widget\" data-e-type=\"widget\" data-settings=\"{&quot;lazyload&quot;:&quot;yes&quot;,&quot;gallery_layout&quot;:&quot;grid&quot;,&quot;columns&quot;:4,&quot;columns_tablet&quot;:2,&quot;columns_mobile&quot;:1,&quot;gap&quot;:{&quot;unit&quot;:&quot;px&quot;,&quot;size&quot;:10,&quot;sizes&quot;:[]},&quot;gap_tablet&quot;:{&quot;unit&quot;:&quot;px&quot;,&quot;size&quot;:10,&quot;sizes&quot;:[]},&quot;gap_mobile&quot;:{&quot;unit&quot;:&quot;px&quot;,&quot;size&quot;:10,&quot;sizes&quot;:[]},&quot;link_to&quot;:&quot;file&quot;,&quot;aspect_ratio&quot;:&quot;3:2&quot;,&quot;overlay_background&quot;:&quot;yes&quot;,&quot;content_hover_animation&quot;:&quot;fade-in&quot;}\" data-widget_type=\"gallery.default\">\n\t\t\t\t<div class=\"elementor-widget-container\">\n\t\t\t\t\t\t\t<div class=\"elementor-gallery__container\">\n\t\t\t\t\t\t\t<a class=\"e-gallery-item elementor-gallery-item elementor-animated-content\" href=\"https:\/\/www.alltours.ee\/wp-content\/uploads\/2020\/10\/Alltours-Savi-38a-27.jpg\" data-elementor-open-lightbox=\"yes\" data-elementor-lightbox-slideshow=\"101b319\" data-elementor-lightbox-title=\"Alltours Savi 38a-27\" data-e-action-hash=\"#elementor-action%3Aaction%3Dlightbox%26settings%3DeyJpZCI6MjMwLCJ1cmwiOiJodHRwczpcL1wvd3d3LmFsbHRvdXJzLmVlXC93cC1jb250ZW50XC91cGxvYWRzXC8yMDIwXC8xMFwvQWxsdG91cnMtU2F2aS0zOGEtMjcuanBnIiwic2xpZGVzaG93IjoiMTAxYjMxOSJ9\">\n\t\t\t\t\t<div class=\"e-gallery-image elementor-gallery-item__image\" data-thumbnail=\"https:\/\/www.alltours.ee\/wp-content\/uploads\/2020\/10\/Alltours-Savi-38a-27.jpg\" data-width=\"2000\" data-height=\"1333\" aria-label=\"\" role=\"img\" ><\/div>\n\t\t\t\t\t\t\t\t\t\t\t<div class=\"elementor-gallery-item__overlay\"><\/div>\n\t\t\t\t\t\t\t\t\t\t\t\t\t\t<\/a>\n\t\t\t\t\t\t\t<a class=\"e-gallery-item elementor-gallery-item elementor-animated-content\" href=\"https:\/\/www.alltours.ee\/wp-content\/uploads\/2020\/10\/Alltours-Savi-38a-30.jpg\" data-elementor-open-lightbox=\"yes\" data-elementor-lightbox-slideshow=\"101b319\" data-elementor-lightbox-title=\"Alltours Savi 38a-30\" data-e-action-hash=\"#elementor-action%3Aaction%3Dlightbox%26settings%3DeyJpZCI6MjMxLCJ1cmwiOiJodHRwczpcL1wvd3d3LmFsbHRvdXJzLmVlXC93cC1jb250ZW50XC91cGxvYWRzXC8yMDIwXC8xMFwvQWxsdG91cnMtU2F2aS0zOGEtMzAuanBnIiwic2xpZGVzaG93IjoiMTAxYjMxOSJ9\">\n\t\t\t\t\t<div class=\"e-gallery-image elementor-gallery-item__image\" data-thumbnail=\"https:\/\/www.alltours.ee\/wp-content\/uploads\/2020\/10\/Alltours-Savi-38a-30.jpg\" data-width=\"2000\" data-height=\"1333\" aria-label=\"\" role=\"img\" ><\/div>\n\t\t\t\t\t\t\t\t\t\t\t<div class=\"elementor-gallery-item__overlay\"><\/div>\n\t\t\t\t\t\t\t\t\t\t\t\t\t\t<\/a>\n\t\t\t\t\t\t\t<a class=\"e-gallery-item elementor-gallery-item elementor-animated-content\" href=\"https:\/\/www.alltours.ee\/wp-content\/uploads\/2020\/10\/Alltours-Savi-38a-31.jpg\" data-elementor-open-lightbox=\"yes\" data-elementor-lightbox-slideshow=\"101b319\" data-elementor-lightbox-title=\"Alltours Savi 38a-31\" data-e-action-hash=\"#elementor-action%3Aaction%3Dlightbox%26settings%3DeyJpZCI6MjMyLCJ1cmwiOiJodHRwczpcL1wvd3d3LmFsbHRvdXJzLmVlXC93cC1jb250ZW50XC91cGxvYWRzXC8yMDIwXC8xMFwvQWxsdG91cnMtU2F2aS0zOGEtMzEuanBnIiwic2xpZGVzaG93IjoiMTAxYjMxOSJ9\">\n\t\t\t\t\t<div class=\"e-gallery-image elementor-gallery-item__image\" data-thumbnail=\"https:\/\/www.alltours.ee\/wp-content\/uploads\/2020\/10\/Alltours-Savi-38a-31.jpg\" data-width=\"2000\" data-height=\"1333\" aria-label=\"\" role=\"img\" ><\/div>\n\t\t\t\t\t\t\t\t\t\t\t<div class=\"elementor-gallery-item__overlay\"><\/div>\n\t\t\t\t\t\t\t\t\t\t\t\t\t\t<\/a>\n\t\t\t\t\t\t\t<a class=\"e-gallery-item elementor-gallery-item elementor-animated-content\" href=\"https:\/\/www.alltours.ee\/wp-content\/uploads\/2020\/10\/Alltours-Savi-38a-32.jpg\" data-elementor-open-lightbox=\"yes\" data-elementor-lightbox-slideshow=\"101b319\" data-elementor-lightbox-title=\"Alltours Savi 38a-32\" data-e-action-hash=\"#elementor-action%3Aaction%3Dlightbox%26settings%3DeyJpZCI6MjMzLCJ1cmwiOiJodHRwczpcL1wvd3d3LmFsbHRvdXJzLmVlXC93cC1jb250ZW50XC91cGxvYWRzXC8yMDIwXC8xMFwvQWxsdG91cnMtU2F2aS0zOGEtMzIuanBnIiwic2xpZGVzaG93IjoiMTAxYjMxOSJ9\">\n\t\t\t\t\t<div class=\"e-gallery-image elementor-gallery-item__image\" data-thumbnail=\"https:\/\/www.alltours.ee\/wp-content\/uploads\/2020\/10\/Alltours-Savi-38a-32.jpg\" data-width=\"2000\" data-height=\"1333\" aria-label=\"\" role=\"img\" ><\/div>\n\t\t\t\t\t\t\t\t\t\t\t<div class=\"elementor-gallery-item__overlay\"><\/div>\n\t\t\t\t\t\t\t\t\t\t\t\t\t\t<\/a>\n\t\t\t\t\t<\/div>\n\t\t\t\t\t<\/div>\n\t\t\t\t<\/div>\n\t\t\t\t<div class=\"elementor-element elementor-element-4e12167 elementor-widget elementor-widget-heading\" data-id=\"4e12167\" data-element_type=\"widget\" data-e-type=\"widget\" data-widget_type=\"heading.default\">\n\t\t\t\t<div class=\"elementor-widget-container\">\n\t\t\t\t\t<h3 class=\"elementor-heading-title elementor-size-large\">WAREHOUSE <\/h3>\t\t\t\t<\/div>\n\t\t\t\t<\/div>\n\t\t\t\t<div class=\"elementor-element elementor-element-209313b elementor-widget elementor-widget-text-editor\" data-id=\"209313b\" data-element_type=\"widget\" data-e-type=\"widget\" data-widget_type=\"text-editor.default\">\n\t\t\t\t<div class=\"elementor-widget-container\">\n\t\t\t\t\t\t\t\t\t<div>\n<p>The warehouse has 12 storage boxes with a size of 50 m<sup>2<\/sup>.<\/p>\n<\/div>\n\t\t\t\t\t\t\t\t<\/div>\n\t\t\t\t<\/div>\n\t\t\t\t<div class=\"elementor-element elementor-element-e6347f1 elementor-widget elementor-widget-gallery\" data-id=\"e6347f1\" data-element_type=\"widget\" data-e-type=\"widget\" data-settings=\"{&quot;columns&quot;:3,&quot;lazyload&quot;:&quot;yes&quot;,&quot;gallery_layout&quot;:&quot;grid&quot;,&quot;columns_tablet&quot;:2,&quot;columns_mobile&quot;:1,&quot;gap&quot;:{&quot;unit&quot;:&quot;px&quot;,&quot;size&quot;:10,&quot;sizes&quot;:[]},&quot;gap_tablet&quot;:{&quot;unit&quot;:&quot;px&quot;,&quot;size&quot;:10,&quot;sizes&quot;:[]},&quot;gap_mobile&quot;:{&quot;unit&quot;:&quot;px&quot;,&quot;size&quot;:10,&quot;sizes&quot;:[]},&quot;link_to&quot;:&quot;file&quot;,&quot;aspect_ratio&quot;:&quot;3:2&quot;,&quot;overlay_background&quot;:&quot;yes&quot;,&quot;content_hover_animation&quot;:&quot;fade-in&quot;}\" data-widget_type=\"gallery.default\">\n\t\t\t\t<div class=\"elementor-widget-container\">\n\t\t\t\t\t\t\t<div class=\"elementor-gallery__container\">\n\t\t\t\t\t\t\t<a class=\"e-gallery-item elementor-gallery-item elementor-animated-content\" href=\"https:\/\/www.alltours.ee\/wp-content\/uploads\/2020\/10\/Alltours-Savi-38a-23.jpg\" data-elementor-open-lightbox=\"yes\" data-elementor-lightbox-slideshow=\"e6347f1\" data-elementor-lightbox-title=\"Alltours Savi 38a-23\" data-e-action-hash=\"#elementor-action%3Aaction%3Dlightbox%26settings%3DeyJpZCI6MjM0LCJ1cmwiOiJodHRwczpcL1wvd3d3LmFsbHRvdXJzLmVlXC93cC1jb250ZW50XC91cGxvYWRzXC8yMDIwXC8xMFwvQWxsdG91cnMtU2F2aS0zOGEtMjMuanBnIiwic2xpZGVzaG93IjoiZTYzNDdmMSJ9\">\n\t\t\t\t\t<div class=\"e-gallery-image elementor-gallery-item__image\" data-thumbnail=\"https:\/\/www.alltours.ee\/wp-content\/uploads\/2020\/10\/Alltours-Savi-38a-23.jpg\" data-width=\"2000\" data-height=\"1333\" aria-label=\"\" role=\"img\" ><\/div>\n\t\t\t\t\t\t\t\t\t\t\t<div class=\"elementor-gallery-item__overlay\"><\/div>\n\t\t\t\t\t\t\t\t\t\t\t\t\t\t<\/a>\n\t\t\t\t\t\t\t<a class=\"e-gallery-item elementor-gallery-item elementor-animated-content\" href=\"https:\/\/www.alltours.ee\/wp-content\/uploads\/2020\/10\/Alltours-Savi-38a-24.jpg\" data-elementor-open-lightbox=\"yes\" data-elementor-lightbox-slideshow=\"e6347f1\" data-elementor-lightbox-title=\"Alltours Savi 38a-24\" data-e-action-hash=\"#elementor-action%3Aaction%3Dlightbox%26settings%3DeyJpZCI6MjM1LCJ1cmwiOiJodHRwczpcL1wvd3d3LmFsbHRvdXJzLmVlXC93cC1jb250ZW50XC91cGxvYWRzXC8yMDIwXC8xMFwvQWxsdG91cnMtU2F2aS0zOGEtMjQuanBnIiwic2xpZGVzaG93IjoiZTYzNDdmMSJ9\">\n\t\t\t\t\t<div class=\"e-gallery-image elementor-gallery-item__image\" data-thumbnail=\"https:\/\/www.alltours.ee\/wp-content\/uploads\/2020\/10\/Alltours-Savi-38a-24.jpg\" data-width=\"2000\" data-height=\"1333\" aria-label=\"\" role=\"img\" ><\/div>\n\t\t\t\t\t\t\t\t\t\t\t<div class=\"elementor-gallery-item__overlay\"><\/div>\n\t\t\t\t\t\t\t\t\t\t\t\t\t\t<\/a>\n\t\t\t\t\t\t\t<a class=\"e-gallery-item elementor-gallery-item elementor-animated-content\" href=\"https:\/\/www.alltours.ee\/wp-content\/uploads\/2020\/10\/Alltours-Savi-38a-26.jpg\" data-elementor-open-lightbox=\"yes\" data-elementor-lightbox-slideshow=\"e6347f1\" data-elementor-lightbox-title=\"Alltours Savi 38a-26\" data-e-action-hash=\"#elementor-action%3Aaction%3Dlightbox%26settings%3DeyJpZCI6MjM2LCJ1cmwiOiJodHRwczpcL1wvd3d3LmFsbHRvdXJzLmVlXC93cC1jb250ZW50XC91cGxvYWRzXC8yMDIwXC8xMFwvQWxsdG91cnMtU2F2aS0zOGEtMjYuanBnIiwic2xpZGVzaG93IjoiZTYzNDdmMSJ9\">\n\t\t\t\t\t<div class=\"e-gallery-image elementor-gallery-item__image\" data-thumbnail=\"https:\/\/www.alltours.ee\/wp-content\/uploads\/2020\/10\/Alltours-Savi-38a-26.jpg\" data-width=\"2000\" data-height=\"1333\" aria-label=\"\" role=\"img\" ><\/div>\n\t\t\t\t\t\t\t\t\t\t\t<div class=\"elementor-gallery-item__overlay\"><\/div>\n\t\t\t\t\t\t\t\t\t\t\t\t\t\t<\/a>\n\t\t\t\t\t<\/div>\n\t\t\t\t\t<\/div>\n\t\t\t\t<\/div>\n\t\t\t\t<div class=\"elementor-element elementor-element-7127fc03 elementor-widget elementor-widget-google_maps\" data-id=\"7127fc03\" data-element_type=\"widget\" data-e-type=\"widget\" data-widget_type=\"google_maps.default\">\n\t\t\t\t<div class=\"elementor-widget-container\">\n\t\t\t\t\t\t\t<div class=\"elementor-custom-embed\">\n\t\t\t<iframe loading=\"lazy\"\n\t\t\t\t\tsrc=\"https:\/\/maps.google.com\/maps?q=Savi%2038A&#038;t=m&#038;z=13&#038;output=embed&#038;iwloc=near\"\n\t\t\t\t\ttitle=\"Savi 38A\"\n\t\t\t\t\taria-label=\"Savi 38A\"\n\t\t\t><\/iframe>\n\t\t<\/div>\n\t\t\t\t\t\t<\/div>\n\t\t\t\t<\/div>\n\t\t\t\t<div class=\"elementor-element elementor-element-16ab7540 elementor-skin-carousel elementor-arrows-yes elementor-widget elementor-widget-media-carousel\" data-id=\"16ab7540\" data-element_type=\"widget\" data-e-type=\"widget\" data-settings=\"{&quot;slides_per_view&quot;:&quot;5&quot;,&quot;space_between&quot;:{&quot;unit&quot;:&quot;px&quot;,&quot;size&quot;:50,&quot;sizes&quot;:[]},&quot;slides_per_view_tablet&quot;:&quot;3&quot;,&quot;space_between_tablet&quot;:{&quot;unit&quot;:&quot;px&quot;,&quot;size&quot;:&quot;50&quot;,&quot;sizes&quot;:[]},&quot;slides_per_view_mobile&quot;:&quot;5&quot;,&quot;skin&quot;:&quot;carousel&quot;,&quot;effect&quot;:&quot;slide&quot;,&quot;show_arrows&quot;:&quot;yes&quot;,&quot;speed&quot;:500,&quot;loop&quot;:&quot;yes&quot;,&quot;space_between_mobile&quot;:{&quot;unit&quot;:&quot;px&quot;,&quot;size&quot;:10,&quot;sizes&quot;:[]}}\" data-widget_type=\"media-carousel.default\">\n\t\t\t\t<div class=\"elementor-widget-container\">\n\t\t\t\t\t\t\t\t\t<div class=\"elementor-swiper\">\n\t\t\t\t\t<div class=\"elementor-main-swiper swiper\" role=\"region\" aria-roledescription=\"carousel\" aria-label=\"Slides\">\n\t\t\t\t<div class=\"swiper-wrapper\">\n\t\t\t\t\t\t\t\t\t\t\t<div class=\"swiper-slide\" role=\"group\" aria-roledescription=\"slide\">\n\t\t\t\t\t\t\t<a href=\"https:\/\/arxcar.ee\" target=\"_blank\">\t\t<div class=\"elementor-carousel-image\" role=\"img\" aria-label=\"Arx Car logo\" style=\"background-image: url(&#039;https:\/\/www.alltours.ee\/wp-content\/uploads\/2020\/10\/Arx-Car-logo-300x193.jpg&#039;)\">\n\n\t\t\t\n\t\t\t\t\t<\/div>\n\t\t<\/a>\t\t\t\t\t\t<\/div>\n\t\t\t\t\t\t\t\t\t\t\t<div class=\"swiper-slide\" role=\"group\" aria-roledescription=\"slide\">\n\t\t\t\t\t\t\t<a href=\"https:\/\/www.volvoce.com\/eesti\/et-ee\/swecon\/\" target=\"_blank\">\t\t<div class=\"elementor-carousel-image\" role=\"img\" aria-label=\"estonia-swecon-logo\" style=\"background-image: url(&#039;https:\/\/www.alltours.ee\/wp-content\/uploads\/2020\/10\/estonia-swecon-logo-300x93.png&#039;)\">\n\n\t\t\t\n\t\t\t\t\t<\/div>\n\t\t<\/a>\t\t\t\t\t\t<\/div>\n\t\t\t\t\t\t\t\t\t\t\t<div class=\"swiper-slide\" role=\"group\" aria-roledescription=\"slide\">\n\t\t\t\t\t\t\t<a href=\"https:\/\/www.facebook.com\/REALAUTOOU\/\" target=\"_blank\">\t\t<div class=\"elementor-carousel-image\" role=\"img\" aria-label=\"75429567_107508024053782_3686473328983277568_o\" style=\"background-image: url(&#039;https:\/\/www.alltours.ee\/wp-content\/uploads\/2020\/10\/75429567_107508024053782_3686473328983277568_o-300x149.png&#039;)\">\n\n\t\t\t\n\t\t\t\t\t<\/div>\n\t\t<\/a>\t\t\t\t\t\t<\/div>\n\t\t\t\t\t\t\t\t\t\t\t<div class=\"swiper-slide\" role=\"group\" aria-roledescription=\"slide\">\n\t\t\t\t\t\t\t<a href=\"http:\/\/www.etehno.ee\/ee\/\" target=\"_blank\">\t\t<div class=\"elementor-carousel-image\" role=\"img\" aria-label=\"logo\" style=\"background-image: url(&#039;https:\/\/www.alltours.ee\/wp-content\/uploads\/2020\/10\/logo.png&#039;)\">\n\n\t\t\t\n\t\t\t\t\t<\/div>\n\t\t<\/a>\t\t\t\t\t\t<\/div>\n\t\t\t\t\t\t\t\t\t\t\t<div class=\"swiper-slide\" role=\"group\" aria-roledescription=\"slide\">\n\t\t\t\t\t\t\t<a href=\"https:\/\/savipesula.ee\" target=\"_blank\">\t\t<div class=\"elementor-carousel-image\" role=\"img\" aria-label=\"Screenshot 2020-10-22 at 14.52.30\" style=\"background-image: url(&#039;https:\/\/www.alltours.ee\/wp-content\/uploads\/2020\/10\/Screenshot-2020-10-22-at-14.52.30-300x98.png&#039;)\">\n\n\t\t\t\n\t\t\t\t\t<\/div>\n\t\t<\/a>\t\t\t\t\t\t<\/div>\n\t\t\t\t\t\t\t\t\t<\/div>\n\t\t\t\t\t\t\t\t\t\t\t\t\t\t\t<div class=\"elementor-swiper-button elementor-swiper-button-prev\" role=\"button\" tabindex=\"0\" aria-label=\"Previous\">\n\t\t\t\t\t\t\t<i aria-hidden=\"true\" class=\"eicon-chevron-left\"><\/i>\t\t\t\t\t\t<\/div>\n\t\t\t\t\t\t<div class=\"elementor-swiper-button elementor-swiper-button-next\" role=\"button\" tabindex=\"0\" aria-label=\"Next\">\n\t\t\t\t\t\t\t<i aria-hidden=\"true\" class=\"eicon-chevron-right\"><\/i>\t\t\t\t\t\t<\/div>\n\t\t\t\t\t\t\t\t\t\t\t\t\t\t\t\t\t<\/div>\n\t\t\t\t<\/div>\n\t\t\t\t\t\t\t\t<\/div>\n\t\t\t\t<\/div>\n\t\t\t\t\t<\/div>\n\t\t<\/div>\n\t\t\t\t\t<\/div>\n\t\t<\/section>\n\t\t\t\t<\/div>\n\t\t","protected":false},"excerpt":{"rendered":"<p>ALLTOURS BUSINESS CENTER &#8211; THE MOST MODERN TECHNOLOGY CENTER IN P\u00c4RNU Years ago, looking for a suitable rental space for our bus company, we came to an idea to invest in our hometown P\u00e4rnu and build a center that would meet the highest requirements. The idea became a vision to create a modern bus and [&hellip;]<\/p>\n","protected":false},"author":1,"featured_media":0,"parent":0,"menu_order":0,"comment_status":"closed","ping_status":"closed","template":"elementor_header_footer","meta":{"footnotes":""},"class_list":["post-478","page","type-page","status-publish","hentry"],"_links":{"self":[{"href":"https:\/\/www.alltours.ee\/en\/wp-json\/wp\/v2\/pages\/478","targetHints":{"allow":["GET"]}}],"collection":[{"href":"https:\/\/www.alltours.ee\/en\/wp-json\/wp\/v2\/pages"}],"about":[{"href":"https:\/\/www.alltours.ee\/en\/wp-json\/wp\/v2\/types\/page"}],"author":[{"embeddable":true,"href":"https:\/\/www.alltours.ee\/en\/wp-json\/wp\/v2\/users\/1"}],"replies":[{"embeddable":true,"href":"https:\/\/www.alltours.ee\/en\/wp-json\/wp\/v2\/comments?post=478"}],"version-history":[{"count":1,"href":"https:\/\/www.alltours.ee\/en\/wp-json\/wp\/v2\/pages\/478\/revisions"}],"predecessor-version":[{"id":479,"href":"https:\/\/www.alltours.ee\/en\/wp-json\/wp\/v2\/pages\/478\/revisions\/479"}],"wp:attachment":[{"href":"https:\/\/www.alltours.ee\/en\/wp-json\/wp\/v2\/media?parent=478"}],"curies":[{"name":"wp","href":"https:\/\/api.w.org\/{rel}","templated":true}]}}